{"id":12424,"date":"2022-03-11T13:14:09","date_gmt":"2022-03-11T10:14:09","guid":{"rendered":"https:\/\/ktn-trans.ru\/?post_type=product&#038;p=12424"},"modified":"2022-03-11T13:17:58","modified_gmt":"2022-03-11T10:17:58","slug":"embedtec-sff","status":"publish","type":"product","link":"https:\/\/tls-company.kz\/en\/product\/embedtec-sff","title":{"rendered":"EMBEDTEC SFF"},"content":{"rendered":"<div class=\"bold\">Surface<\/div>\n<p>anodized or powdercoated surfaces availalbe<\/p>\n<div class=\"bold\">Standards<\/div>\n<p>IP Protection class: IP20 anodized or powdercoated surfaces availalbe<\/p>\n<div class=\"bold\">Characteristics<\/div>\n<p>Unsere EmbedTEC SFF Varianten werden ausschlie\u00dflich auf Kundenwunsch entworfen und gefertigt. Ma\u00dfe, Farbe, Oberfl\u00e4chen und K\u00fchll\u00f6sungen sind variabel und entsprechend der Anforderungen anpassbar.<\/p>\n<div class=\"bold\">Mounting possibility<\/div>\n<p>&#8220;Wallmount Desktop<\/p>\n<p>VESA<\/p>\n<p>DIN Rail&#8221;<\/p>","protected":false},"excerpt":{"rendered":"<p>EmbedTEC SFF is a versatile enclosure solution for small form factors. This visually attractive aluminium enclosure is an elegant solution to host embedded boards like embedded NUC (eNuc) \u2013 pico-ITX (pITX, 2,5&#8243;) \u2013 SMARC \u2013 QSeven \u2013 SBC\u2019s (for example \u201eRaspberry Pi&#8221;). It comes with an exchangeable IO- Shield and a massive Aluminium top cover for cooling purposes. For Platforms with TDP&#8217;s of up to 20 Watts the top cover can be replaced by a heatsink. The cooling concept can be further adapted to customers\u2019 needs by using perforated side walls or active fans if necessary. In addition to being used as a desktop case, the latest addition to the EmbedTEC family can also be mounted on the wall using an adapter or VESA mount, as well as on a DIN rail in a variety of orientations. Customer-specific adaptations such as dimensions, colour, surface finishes or adapted cooling solutions are of course possible at any time.<\/p>\n","protected":false},"featured_media":12423,"template":"","meta":[],"product_cat":[175],"product_tag":[173],"_links":{"self":[{"href":"https:\/\/tls-company.kz\/en\/wp-json\/wp\/v2\/product\/12424"}],"collection":[{"href":"https:\/\/tls-company.kz\/en\/wp-json\/wp\/v2\/product"}],"about":[{"href":"https:\/\/tls-company.kz\/en\/wp-json\/wp\/v2\/types\/product"}],"wp:featuredmedia":[{"embeddable":true,"href":"https:\/\/tls-company.kz\/en\/wp-json\/wp\/v2\/media\/12423"}],"wp:attachment":[{"href":"https:\/\/tls-company.kz\/en\/wp-json\/wp\/v2\/media?parent=12424"}],"wp:term":[{"taxonomy":"product_cat","embeddable":true,"href":"https:\/\/tls-company.kz\/en\/wp-json\/wp\/v2\/product_cat?post=12424"},{"taxonomy":"product_tag","embeddable":true,"href":"https:\/\/tls-company.kz\/en\/wp-json\/wp\/v2\/product_tag?post=12424"}],"curies":[{"name":"wp","href":"https:\/\/api.w.org\/{rel}","templated":true}]}}