{"id":12430,"date":"2022-03-11T13:32:36","date_gmt":"2022-03-11T10:32:36","guid":{"rendered":"https:\/\/ktn-trans.ru\/?post_type=product&#038;p=12430"},"modified":"2022-03-11T13:34:17","modified_gmt":"2022-03-11T10:34:17","slug":"frontplatten-fur-steckbare-baugruppen","status":"publish","type":"product","link":"https:\/\/tls-company.kz\/en\/product\/frontplatten-fur-steckbare-baugruppen","title":{"rendered":"FRONTPLATTEN F\u00dcR STECKBARE BAUGRUPPEN"},"content":{"rendered":"<div class=\"bold\">Width \/ Height<\/div>\n<p>3, 4, 5, 6, 7, 8, 10, 12, 14, 16 HP \/ 3, 6 U<\/p>\n<div class=\"bold\">Standards<\/div>\n<p>Dimensions in accordance with IEC 60297-3-100 IP20 rating in accordance with IEC 60529","protected":false},"excerpt":{"rendered":"<p>Frontplatten f\u00fcr steckbare Baugruppen k\u00f6nnen standardm\u00e4\u00dfig Einfach- oder Doppeleuropakarten aufnehmen. Frontplatten werden ebenfalls aus extrudiertem Profil angeboten. Es stehen verschiedene Schirmvarianten zur Verf\u00fcgung. Unter diversen Griffvarianten ist ebenfalls die IEEE1101.10 Aufbauversion zu finden.<\/p>\n","protected":false},"featured_media":12429,"template":"","meta":[],"product_cat":[176],"product_tag":[173],"_links":{"self":[{"href":"https:\/\/tls-company.kz\/en\/wp-json\/wp\/v2\/product\/12430"}],"collection":[{"href":"https:\/\/tls-company.kz\/en\/wp-json\/wp\/v2\/product"}],"about":[{"href":"https:\/\/tls-company.kz\/en\/wp-json\/wp\/v2\/types\/product"}],"wp:featuredmedia":[{"embeddable":true,"href":"https:\/\/tls-company.kz\/en\/wp-json\/wp\/v2\/media\/12429"}],"wp:attachment":[{"href":"https:\/\/tls-company.kz\/en\/wp-json\/wp\/v2\/media?parent=12430"}],"wp:term":[{"taxonomy":"product_cat","embeddable":true,"href":"https:\/\/tls-company.kz\/en\/wp-json\/wp\/v2\/product_cat?post=12430"},{"taxonomy":"product_tag","embeddable":true,"href":"https:\/\/tls-company.kz\/en\/wp-json\/wp\/v2\/product_tag?post=12430"}],"curies":[{"name":"wp","href":"https:\/\/api.w.org\/{rel}","templated":true}]}}