{"id":12432,"date":"2022-03-11T13:35:08","date_gmt":"2022-03-11T10:35:08","guid":{"rendered":"https:\/\/ktn-trans.ru\/?post_type=product&#038;p=12432"},"modified":"2022-03-11T13:36:19","modified_gmt":"2022-03-11T10:36:19","slug":"19-front-panels","status":"publish","type":"product","link":"https:\/\/tls-company.kz\/en\/product\/19-front-panels","title":{"rendered":"19&#8243; FRONT PANELS"},"content":{"rendered":"<div class=\"bold\">Width \/ Height<\/div>\n<p>3, 4, 5, 6, 7, 8, 10, 12, 14, 16 \/ 1, 2, 3, 4 , 5 , 6 , 7 , 8 , 9 , 12 , 15 U<\/p>\n<div class=\"bold\">Standards<\/div>\n<p>Dimensions in accordance with IEC 60297-3-100 IP20 rating in accordance with IEC 60529","protected":false},"excerpt":{"rendered":"<p>Frontplatten f\u00fcr steckbare Baugruppen k\u00f6nnen standardm\u00e4\u00dfig Einfach- oder Doppeleuropakarten aufnehmen. Frontplatten werden ebenfalls aus extrudiertem Profil angeboten. Es stehen verschiedene Schirmvarianten zur Verf\u00fcgung. Unter diversen Griffvarianten ist ebenfalls die IEEE1101.10 Aufbauversion zu finden.<\/p>\n","protected":false},"featured_media":12431,"template":"","meta":[],"product_cat":[176],"product_tag":[173],"_links":{"self":[{"href":"https:\/\/tls-company.kz\/en\/wp-json\/wp\/v2\/product\/12432"}],"collection":[{"href":"https:\/\/tls-company.kz\/en\/wp-json\/wp\/v2\/product"}],"about":[{"href":"https:\/\/tls-company.kz\/en\/wp-json\/wp\/v2\/types\/product"}],"wp:featuredmedia":[{"embeddable":true,"href":"https:\/\/tls-company.kz\/en\/wp-json\/wp\/v2\/media\/12431"}],"wp:attachment":[{"href":"https:\/\/tls-company.kz\/en\/wp-json\/wp\/v2\/media?parent=12432"}],"wp:term":[{"taxonomy":"product_cat","embeddable":true,"href":"https:\/\/tls-company.kz\/en\/wp-json\/wp\/v2\/product_cat?post=12432"},{"taxonomy":"product_tag","embeddable":true,"href":"https:\/\/tls-company.kz\/en\/wp-json\/wp\/v2\/product_tag?post=12432"}],"curies":[{"name":"wp","href":"https:\/\/api.w.org\/{rel}","templated":true}]}}